{"id":1997,"date":"2022-07-25T09:34:30","date_gmt":"2022-07-25T07:34:30","guid":{"rendered":"https:\/\/klimaskog.com\/?page_id=1997"},"modified":"2024-12-09T14:26:14","modified_gmt":"2024-12-09T13:26:14","slug":"impressum","status":"publish","type":"page","link":"https:\/\/klimaskog.com\/en\/impressum\/","title":{"rendered":"Impressum"},"content":{"rendered":"<div data-elementor-type=\"wp-page\" data-elementor-id=\"1997\" class=\"elementor elementor-1997\">\n\t\t\t\t\t\t<section class=\"elementor-section elementor-top-section elementor-element elementor-element-53a16de elementor-section-boxed elementor-section-height-default elementor-section-height-default\" data-id=\"53a16de\" data-element_type=\"section\">\n\t\t\t\t\t\t<div class=\"elementor-container elementor-column-gap-default\">\n\t\t\t\t\t<div class=\"elementor-column elementor-col-100 elementor-top-column elementor-element elementor-element-1980294\" data-id=\"1980294\" data-element_type=\"column\">\n\t\t\t<div class=\"elementor-widget-wrap elementor-element-populated\">\n\t\t\t\t\t\t<div class=\"elementor-element elementor-element-965dd68 elementor-widget elementor-widget-heading\" data-id=\"965dd68\" data-element_type=\"widget\" data-widget_type=\"heading.default\">\n\t\t\t\t<div class=\"elementor-widget-container\">\n\t\t\t\t\t<h2 class=\"elementor-heading-title elementor-size-default\">Impressum<\/h2>\t\t\t\t<\/div>\n\t\t\t\t<\/div>\n\t\t\t\t<div class=\"elementor-element elementor-element-47c40e7 elementor-widget elementor-widget-text-editor\" data-id=\"47c40e7\" data-element_type=\"widget\" data-widget_type=\"text-editor.default\">\n\t\t\t\t<div class=\"elementor-widget-container\">\n\t\t\t\t\t\t\t\t\t<p><strong><span style=\"font-size: 18pt;\">Klimaskog AS<br \/><\/span><\/strong><\/p><p><span style=\"font-size: 14pt;\">USt-IdNr. : 927572699<\/span><br \/><span style=\"font-size: 14pt;\">District Court: Tr\u00f8ndelag Tingrett<br \/><\/span><\/p><p><strong><span style=\"font-size: 14pt;\">President:<\/span><\/strong><br \/><span style=\"font-size: 14pt;\">Michael Mahnsen<br \/><\/span><\/p><p><strong><span style=\"font-size: 14pt;\">Address:<\/span><\/strong><br \/><span style=\"font-size: 14pt;\">Klimaskog<\/span><br \/><span style=\"font-size: 14pt;\">Maren Juels gate 2<\/span><br \/><span style=\"font-size: 14pt;\">7130 Brekstad<\/span><\/p><p><strong><span style=\"font-size: 14pt;\">Contact:<\/span><\/strong><br \/><span style=\"font-size: 14pt;\">Telefon +47 46 26 01 72<\/span><br \/><span style=\"font-size: 14pt;\">E-Mail info@klimaskog.com<\/span><\/p><p><strong><span style=\"font-size: 14pt;\">Responsible for content according to \u00a76 MDStV:<\/span><\/strong><br \/><span style=\"font-size: 14pt;\">Michael Mahnsen<\/span><br \/><span style=\"font-size: 14pt;\">EU Dispute Settlement<\/span><\/p><p><span style=\"font-size: 14pt;\">The European Commission provides a platform for online dispute resolution (OS): <span style=\"color: #ffffff;\"><a style=\"color: #ffffff;\" href=\"https:\/\/ec.europa.eu\/consumers\/odr\" target=\"_blank\" rel=\"noopener\">https:\/\/ec.europa.eu\/consumers\/odr<\/a><\/span>.<\/span><br \/><span style=\"font-size: 14pt;\">Our e-mail address can be found above in the imprint.<\/span><br \/><span style=\"font-size: 14pt;\">Consumer dispute resolution\/universal arbitration board<\/span><\/p><p><span style=\"font-size: 14pt;\">We are not willing or obliged to participate in dispute settlement procedures before a consumer arbitration board.<\/span><br \/><span style=\"font-size: 14pt;\">Liability for content<\/span><\/p><p><span style=\"font-size: 14pt;\">As a service provider, we are responsible for our own content on these pages according to Section 7, Paragraph 1 of the German Telemedia Act (TMG). According to \u00a7\u00a7 8 to 10 TMG, however, we as a service provider are not obliged to monitor transmitted or stored third-party information or to investigate circumstances that indicate illegal activity.<\/span><\/p><p><span style=\"font-size: 14pt;\">Obligations to remove or block the use of information according to general laws remain unaffected. However, liability in this regard is only possible from the point in time at which knowledge of a specific infringement of the law is known. As soon as we become aware of any violations of the law, we will remove this content immediately.<\/span><br \/><span style=\"font-size: 14pt;\">Liability for links<\/span><\/p><p><span style=\"font-size: 14pt;\">Our offer contains links to external websites over which we have no influence. Therefore we cannot assume any liability for this external content. The respective provider or operator of the pages is always responsible for the content of the linked pages. The linked pages were checked for possible legal violations at the time of linking. Illegal content was not recognizable at the time of linking.<\/span><\/p><p><span style=\"font-size: 14pt;\">However, a permanent control of the content of the linked pages is not reasonable without concrete evidence of an infringement. As soon as we become aware of legal violations, we will remove such links immediately.<\/span><br \/><span style=\"font-size: 14pt;\">Copyright<\/span><\/p><p><span style=\"font-size: 14pt;\">The content and works on these pages created by the site operators are subject to German copyright law. The duplication, editing, distribution and any kind of exploitation outside the limits of copyright require the written consent of the respective author or creator. Downloads and copies of this site are only permitted for private, non-commercial use.<\/span><\/p><p><span style=\"font-size: 14pt;\">Insofar as the content on this site was not created by the operator, the copyrights of third parties are observed. In particular contents of third parties are marked as such. Should you nevertheless become aware of a copyright infringement, we ask that you inform us accordingly. As soon as we become aware of legal violations, we will remove such content immediately.<\/span><\/p>\t\t\t\t\t\t\t\t<\/div>\n\t\t\t\t<\/div>\n\t\t\t\t\t<\/div>\n\t\t<\/div>\n\t\t\t\t\t<\/div>\n\t\t<\/section>\n\t\t\t\t<\/div>","protected":false},"excerpt":{"rendered":"<p>Impressum Klimaskog AS USt-IdNr. : 927572699Amtsgericht: Tr\u00f8ndelag Tingrett Vorsitzender:Michael Mahnsen Adresse:KlimaskogMaren Juels gate 27130 Brekstad Kontakt:Telefon +47 46 26 01 72E-Mail info@klimaskog.com Inhaltlich Verantwortliche gem\u00e4\u00df \u00a76 MDStV:Michael MahnsenEU-Streitschlichtung Die Europ\u00e4ische Kommission stellt eine Plattform zur Online-Streitbeilegung (OS) bereit: https:\/\/ec.europa.eu\/consumers\/odr.Unsere E-Mail-Adresse finden Sie oben im Impressum.Verbraucher\u00adstreit\u00adbeilegung\/Universal\u00adschlichtungs\u00adstelle Wir sind nicht bereit oder verpflichtet, an Streitbeilegungsverfahren vor einer [&hellip;]<\/p>","protected":false},"author":1,"featured_media":0,"parent":0,"menu_order":0,"comment_status":"closed","ping_status":"closed","template":"","meta":{"footnotes":""},"class_list":["post-1997","page","type-page","status-publish","hentry"],"yoast_head":"<!-- This site is optimized with the Yoast SEO plugin v25.9 - https:\/\/yoast.com\/wordpress\/plugins\/seo\/ -->\n<title>Impressum - Klimaskog<\/title>\n<meta name=\"robots\" content=\"index, follow, max-snippet:-1, max-image-preview:large, max-video-preview:-1\" \/>\n<link rel=\"canonical\" href=\"https:\/\/klimaskog.com\/en\/impressum\/\" \/>\n<meta property=\"og:locale\" content=\"en_GB\" \/>\n<meta property=\"og:type\" content=\"article\" \/>\n<meta property=\"og:title\" content=\"Impressum - Klimaskog\" \/>\n<meta property=\"og:description\" content=\"Impressum Klimaskog AS USt-IdNr. : 927572699Amtsgericht: Tr\u00f8ndelag Tingrett Vorsitzender:Michael Mahnsen Adresse:KlimaskogMaren Juels gate 27130 Brekstad Kontakt:Telefon +47 46 26 01 72E-Mail info@klimaskog.com Inhaltlich Verantwortliche gem\u00e4\u00df \u00a76 MDStV:Michael MahnsenEU-Streitschlichtung Die Europ\u00e4ische Kommission stellt eine Plattform zur Online-Streitbeilegung (OS) bereit: https:\/\/ec.europa.eu\/consumers\/odr.Unsere E-Mail-Adresse finden Sie oben im Impressum.Verbraucher\u00adstreit\u00adbeilegung\/Universal\u00adschlichtungs\u00adstelle Wir sind nicht bereit oder verpflichtet, an Streitbeilegungsverfahren vor einer [&hellip;]\" \/>\n<meta property=\"og:url\" content=\"https:\/\/klimaskog.com\/en\/impressum\/\" \/>\n<meta property=\"og:site_name\" content=\"Klimaskog\" \/>\n<meta property=\"article:publisher\" content=\"https:\/\/www.facebook.com\/Klimawald-109698464735068\" \/>\n<meta property=\"article:modified_time\" content=\"2024-12-09T13:26:14+00:00\" \/>\n<meta name=\"twitter:card\" content=\"summary_large_image\" \/>\n<meta name=\"twitter:label1\" content=\"Estimated reading time\" \/>\n\t<meta name=\"twitter:data1\" content=\"2 minutes\" \/>\n<script type=\"application\/ld+json\" class=\"yoast-schema-graph\">{\"@context\":\"https:\/\/schema.org\",\"@graph\":[{\"@type\":\"WebPage\",\"@id\":\"https:\/\/klimaskog.com\/impressum\/\",\"url\":\"https:\/\/klimaskog.com\/impressum\/\",\"name\":\"Impressum - Klimaskog\",\"isPartOf\":{\"@id\":\"https:\/\/klimaskog.com\/#website\"},\"datePublished\":\"2022-07-25T07:34:30+00:00\",\"dateModified\":\"2024-12-09T13:26:14+00:00\",\"breadcrumb\":{\"@id\":\"https:\/\/klimaskog.com\/impressum\/#breadcrumb\"},\"inLanguage\":\"en-GB\",\"potentialAction\":[{\"@type\":\"ReadAction\",\"target\":[\"https:\/\/klimaskog.com\/impressum\/\"]}]},{\"@type\":\"BreadcrumbList\",\"@id\":\"https:\/\/klimaskog.com\/impressum\/#breadcrumb\",\"itemListElement\":[{\"@type\":\"ListItem\",\"position\":1,\"name\":\"Startseite\",\"item\":\"https:\/\/klimaskog.com\/\"},{\"@type\":\"ListItem\",\"position\":2,\"name\":\"Impressum\"}]},{\"@type\":\"WebSite\",\"@id\":\"https:\/\/klimaskog.com\/#website\",\"url\":\"https:\/\/klimaskog.com\/\",\"name\":\"Klimaskog\",\"description\":\"Klima- und Artenschutz. Klimaw\u00e4lder f\u00fcr kommende Generationen sch\u00fctzen.\",\"potentialAction\":[{\"@type\":\"SearchAction\",\"target\":{\"@type\":\"EntryPoint\",\"urlTemplate\":\"https:\/\/klimaskog.com\/?s={search_term_string}\"},\"query-input\":{\"@type\":\"PropertyValueSpecification\",\"valueRequired\":true,\"valueName\":\"search_term_string\"}}],\"inLanguage\":\"en-GB\"}]}<\/script>\n<!-- \/ Yoast SEO plugin. -->","yoast_head_json":{"title":"Impressum - Klimaskog","robots":{"index":"index","follow":"follow","max-snippet":"max-snippet:-1","max-image-preview":"max-image-preview:large","max-video-preview":"max-video-preview:-1"},"canonical":"https:\/\/klimaskog.com\/en\/impressum\/","og_locale":"en_GB","og_type":"article","og_title":"Impressum - Klimaskog","og_description":"Impressum Klimaskog AS USt-IdNr. : 927572699Amtsgericht: Tr\u00f8ndelag Tingrett Vorsitzender:Michael Mahnsen Adresse:KlimaskogMaren Juels gate 27130 Brekstad Kontakt:Telefon +47 46 26 01 72E-Mail info@klimaskog.com Inhaltlich Verantwortliche gem\u00e4\u00df \u00a76 MDStV:Michael MahnsenEU-Streitschlichtung Die Europ\u00e4ische Kommission stellt eine Plattform zur Online-Streitbeilegung (OS) bereit: https:\/\/ec.europa.eu\/consumers\/odr.Unsere E-Mail-Adresse finden Sie oben im Impressum.Verbraucher\u00adstreit\u00adbeilegung\/Universal\u00adschlichtungs\u00adstelle Wir sind nicht bereit oder verpflichtet, an Streitbeilegungsverfahren vor einer [&hellip;]","og_url":"https:\/\/klimaskog.com\/en\/impressum\/","og_site_name":"Klimaskog","article_publisher":"https:\/\/www.facebook.com\/Klimawald-109698464735068","article_modified_time":"2024-12-09T13:26:14+00:00","twitter_card":"summary_large_image","twitter_misc":{"Estimated reading time":"2 minutes"},"schema":{"@context":"https:\/\/schema.org","@graph":[{"@type":"WebPage","@id":"https:\/\/klimaskog.com\/impressum\/","url":"https:\/\/klimaskog.com\/impressum\/","name":"Impressum - Klimaskog","isPartOf":{"@id":"https:\/\/klimaskog.com\/#website"},"datePublished":"2022-07-25T07:34:30+00:00","dateModified":"2024-12-09T13:26:14+00:00","breadcrumb":{"@id":"https:\/\/klimaskog.com\/impressum\/#breadcrumb"},"inLanguage":"en-GB","potentialAction":[{"@type":"ReadAction","target":["https:\/\/klimaskog.com\/impressum\/"]}]},{"@type":"BreadcrumbList","@id":"https:\/\/klimaskog.com\/impressum\/#breadcrumb","itemListElement":[{"@type":"ListItem","position":1,"name":"Startseite","item":"https:\/\/klimaskog.com\/"},{"@type":"ListItem","position":2,"name":"Impressum"}]},{"@type":"WebSite","@id":"https:\/\/klimaskog.com\/#website","url":"https:\/\/klimaskog.com\/","name":"Klimaskog","description":"Klima- und Artenschutz. Klimaw\u00e4lder f\u00fcr kommende Generationen sch\u00fctzen.","potentialAction":[{"@type":"SearchAction","target":{"@type":"EntryPoint","urlTemplate":"https:\/\/klimaskog.com\/?s={search_term_string}"},"query-input":{"@type":"PropertyValueSpecification","valueRequired":true,"valueName":"search_term_string"}}],"inLanguage":"en-GB"}]}},"_links":{"self":[{"href":"https:\/\/klimaskog.com\/en\/wp-json\/wp\/v2\/pages\/1997","targetHints":{"allow":["GET"]}}],"collection":[{"href":"https:\/\/klimaskog.com\/en\/wp-json\/wp\/v2\/pages"}],"about":[{"href":"https:\/\/klimaskog.com\/en\/wp-json\/wp\/v2\/types\/page"}],"author":[{"embeddable":true,"href":"https:\/\/klimaskog.com\/en\/wp-json\/wp\/v2\/users\/1"}],"replies":[{"embeddable":true,"href":"https:\/\/klimaskog.com\/en\/wp-json\/wp\/v2\/comments?post=1997"}],"version-history":[{"count":25,"href":"https:\/\/klimaskog.com\/en\/wp-json\/wp\/v2\/pages\/1997\/revisions"}],"predecessor-version":[{"id":3388,"href":"https:\/\/klimaskog.com\/en\/wp-json\/wp\/v2\/pages\/1997\/revisions\/3388"}],"wp:attachment":[{"href":"https:\/\/klimaskog.com\/en\/wp-json\/wp\/v2\/media?parent=1997"}],"curies":[{"name":"wp","href":"https:\/\/api.w.org\/{rel}","templated":true}]}}