{"id":2535,"date":"2022-07-28T11:09:36","date_gmt":"2022-07-28T09:09:36","guid":{"rendered":"https:\/\/klimaskog.com\/?page_id=2535"},"modified":"2024-12-09T14:23:14","modified_gmt":"2024-12-09T13:23:14","slug":"abholzung-stoppen","status":"publish","type":"page","link":"https:\/\/klimaskog.com\/en\/abholzung-stoppen\/","title":{"rendered":"Stop deforestation"},"content":{"rendered":"<div data-elementor-type=\"wp-page\" data-elementor-id=\"2535\" class=\"elementor elementor-2535\">\n\t\t\t\t\t\t<section class=\"elementor-section elementor-top-section elementor-element elementor-element-6edc3a62 elementor-section-boxed elementor-section-height-default elementor-section-height-default\" data-id=\"6edc3a62\" data-element_type=\"section\" data-e-type=\"section\">\n\t\t\t\t\t\t<div class=\"elementor-container elementor-column-gap-default\">\n\t\t\t\t\t<div class=\"elementor-column elementor-col-100 elementor-top-column elementor-element elementor-element-28f874fe\" data-id=\"28f874fe\" data-element_type=\"column\" data-e-type=\"column\">\n\t\t\t<div class=\"elementor-widget-wrap elementor-element-populated\">\n\t\t\t\t\t\t<div class=\"elementor-element elementor-element-4aa2c667 elementor-widget elementor-widget-heading\" data-id=\"4aa2c667\" data-element_type=\"widget\" data-e-type=\"widget\" data-widget_type=\"heading.default\">\n\t\t\t\t<div class=\"elementor-widget-container\">\n\t\t\t\t\t<h2 class=\"elementor-heading-title elementor-size-default\">Stop deforestation<\/h2>\t\t\t\t<\/div>\n\t\t\t\t<\/div>\n\t\t\t\t<div class=\"elementor-element elementor-element-1083dfed elementor-widget elementor-widget-image\" data-id=\"1083dfed\" data-element_type=\"widget\" data-e-type=\"widget\" data-widget_type=\"image.default\">\n\t\t\t\t<div class=\"elementor-widget-container\">\n\t\t\t\t\t\t\t\t\t\t\t\t\t\t\t<img fetchpriority=\"high\" decoding=\"async\" width=\"800\" height=\"600\" src=\"https:\/\/klimaskog.com\/wp-content\/uploads\/2022\/07\/klimaskog-waldabholzung-in-norwegen-stoppen.jpg\" class=\"attachment-large size-large wp-image-2629\" alt=\"klimaskog - waldabholzung in norwegen stoppen\" srcset=\"https:\/\/klimaskog.com\/wp-content\/uploads\/2022\/07\/klimaskog-waldabholzung-in-norwegen-stoppen.jpg 800w, https:\/\/klimaskog.com\/wp-content\/uploads\/2022\/07\/klimaskog-waldabholzung-in-norwegen-stoppen-300x225.jpg 300w, https:\/\/klimaskog.com\/wp-content\/uploads\/2022\/07\/klimaskog-waldabholzung-in-norwegen-stoppen-768x576.jpg 768w, https:\/\/klimaskog.com\/wp-content\/uploads\/2022\/07\/klimaskog-waldabholzung-in-norwegen-stoppen-16x12.jpg 16w, https:\/\/klimaskog.com\/wp-content\/uploads\/2022\/07\/klimaskog-waldabholzung-in-norwegen-stoppen-600x450.jpg 600w\" sizes=\"(max-width: 800px) 100vw, 800px\" \/>\t\t\t\t\t\t\t\t\t\t\t\t\t\t\t<\/div>\n\t\t\t\t<\/div>\n\t\t\t\t<section class=\"elementor-section elementor-inner-section elementor-element elementor-element-2e92530d elementor-section-boxed elementor-section-height-default elementor-section-height-default\" data-id=\"2e92530d\" data-element_type=\"section\" data-e-type=\"section\">\n\t\t\t\t\t\t<div class=\"elementor-container elementor-column-gap-default\">\n\t\t\t\t\t<div class=\"elementor-column elementor-col-50 elementor-inner-column elementor-element elementor-element-312f7d1b\" data-id=\"312f7d1b\" data-element_type=\"column\" data-e-type=\"column\">\n\t\t\t<div class=\"elementor-widget-wrap elementor-element-populated\">\n\t\t\t\t\t\t<div class=\"elementor-element elementor-element-62822aba elementor-widget elementor-widget-text-editor\" data-id=\"62822aba\" data-element_type=\"widget\" data-e-type=\"widget\" data-widget_type=\"text-editor.default\">\n\t\t\t\t<div class=\"elementor-widget-container\">\n\t\t\t\t\t\t\t\t\t<p><span lang=\"de-DE\" style=\"font-size: 14pt;\">Forest is one of our most important ally when it comes to binding and storing of carbon dioxide. <\/span><\/p><p><span lang=\"de-DE\" style=\"font-size: 14pt;\">At the last world climate summit in Glasgow, more than 100 countries committed to stop deforestation by 2030. This projekt is an important and correkt step in \nthe fight against climate change and global warming. It is doubtful whether this ambitious goal can actualy be achieved.<\/span><\/p><p><span lang=\"de-DE\" style=\"font-size: 14pt;\">The norwegian government, for example, recommended, just a few months after signing the agreement, that the funds for voluntary forest protection in their own country should be halved.<\/span><\/p>\t\t\t\t\t\t\t\t<\/div>\n\t\t\t\t<\/div>\n\t\t\t\t\t<\/div>\n\t\t<\/div>\n\t\t\t\t<div class=\"elementor-column elementor-col-50 elementor-inner-column elementor-element elementor-element-1ff738e6\" data-id=\"1ff738e6\" data-element_type=\"column\" data-e-type=\"column\">\n\t\t\t<div class=\"elementor-widget-wrap elementor-element-populated\">\n\t\t\t\t\t\t<div class=\"elementor-element elementor-element-35fa0b4f elementor-widget elementor-widget-text-editor\" data-id=\"35fa0b4f\" data-element_type=\"widget\" data-e-type=\"widget\" data-widget_type=\"text-editor.default\">\n\t\t\t\t<div class=\"elementor-widget-container\">\n\t\t\t\t\t\t\t\t\t<p><span lang=\"de-DE\" style=\"font-size: 14pt;\">Norske Skog, one of the world largest wood processing companies, was recently able to report a significant jump in sales and profits.<\/span><\/p><p><span lang=\"de-DE\" style=\"font-size: 14pt;\">Despite the promises made in Glasgow, global overexploitation of forests, be it for timber, agricultural land or construction projects, seems to be gaining momentum.<\/span><\/p><p><span lang=\"de-DE\" style=\"font-size: 14pt;\">Whatever the outcome of the climate conferences will be, Klimaskog has decided to act now to stop the loss of our forests. <\/span><\/p><p><span lang=\"de-DE\" style=\"font-size: 14pt;\">With a donation, no matter how small, you can help us stop further deforestation.<\/span><\/p>\t\t\t\t\t\t\t\t<\/div>\n\t\t\t\t<\/div>\n\t\t\t\t\t<\/div>\n\t\t<\/div>\n\t\t\t\t\t<\/div>\n\t\t<\/section>\n\t\t\t\t<section class=\"elementor-section elementor-inner-section elementor-element elementor-element-1ae0d5e9 elementor-section-boxed elementor-section-height-default elementor-section-height-default\" data-id=\"1ae0d5e9\" data-element_type=\"section\" data-e-type=\"section\">\n\t\t\t\t\t\t<div class=\"elementor-container elementor-column-gap-default\">\n\t\t\t\t\t<div class=\"elementor-column elementor-col-50 elementor-inner-column elementor-element elementor-element-6678ed02\" data-id=\"6678ed02\" data-element_type=\"column\" data-e-type=\"column\">\n\t\t\t<div class=\"elementor-widget-wrap\">\n\t\t\t\t\t\t\t<\/div>\n\t\t<\/div>\n\t\t\t\t<div class=\"elementor-column elementor-col-50 elementor-inner-column elementor-element elementor-element-25362583\" data-id=\"25362583\" data-element_type=\"column\" data-e-type=\"column\">\n\t\t\t<div class=\"elementor-widget-wrap elementor-element-populated\">\n\t\t\t\t\t\t<div class=\"elementor-element elementor-element-1d644f87 elementor-align-center elementor-widget elementor-widget-button\" data-id=\"1d644f87\" data-element_type=\"widget\" data-e-type=\"widget\" data-widget_type=\"button.default\">\n\t\t\t\t<div class=\"elementor-widget-container\">\n\t\t\t\t\t\t\t\t\t<div class=\"elementor-button-wrapper\">\n\t\t\t\t\t<a class=\"elementor-button elementor-button-link elementor-size-md\" href=\"https:\/\/klimaskog.com\/en\/spende-fuer-den-klimaschutz\/#spenden\">\n\t\t\t\t\t\t<span class=\"elementor-button-content-wrapper\">\n\t\t\t\t\t\t<span class=\"elementor-button-icon\">\n\t\t\t\t<svg aria-hidden=\"true\" class=\"e-font-icon-svg e-fas-hand-holding-heart\" viewbox=\"0 0 576 512\" xmlns=\"http:\/\/www.w3.org\/2000\/svg\"><path d=\"M275.3 250.5c7 7.4 18.4 7.4 25.5 0l108.9-114.2c31.6-33.2 29.8-88.2-5.6-118.8-30.8-26.7-76.7-21.9-104.9 7.7L288 36.9l-11.1-11.6C248.7-4.4 202.8-9.2 172 17.5c-35.3 30.6-37.2 85.6-5.6 118.8l108.9 114.2zm290 77.6c-11.8-10.7-30.2-10-42.6 0L430.3 402c-11.3 9.1-25.4 14-40 14H272c-8.8 0-16-7.2-16-16s7.2-16 16-16h78.3c15.9 0 30.7-10.9 33.3-26.6 3.3-20-12.1-37.4-31.6-37.4H192c-27 0-53.1 9.3-74.1 26.3L71.4 384H16c-8.8 0-16 7.2-16 16v96c0 8.8 7.2 16 16 16h356.8c14.5 0 28.6-4.9 40-14L564 377c15.2-12.1 16.4-35.3 1.3-48.9z\"><\/path><\/svg>\t\t\t<\/span>\n\t\t\t\t\t\t\t\t\t<span class=\"elementor-button-text\">donate Now!<\/span>\n\t\t\t\t\t<\/span>\n\t\t\t\t\t<\/a>\n\t\t\t\t<\/div>\n\t\t\t\t\t\t\t\t<\/div>\n\t\t\t\t<\/div>\n\t\t\t\t\t<\/div>\n\t\t<\/div>\n\t\t\t\t\t<\/div>\n\t\t<\/section>\n\t\t\t\t<div class=\"elementor-element elementor-element-6c16768f elementor-align-left elementor-widget elementor-widget-button\" data-id=\"6c16768f\" data-element_type=\"widget\" data-e-type=\"widget\" data-widget_type=\"button.default\">\n\t\t\t\t<div class=\"elementor-widget-container\">\n\t\t\t\t\t\t\t\t\t<div class=\"elementor-button-wrapper\">\n\t\t\t\t\t<a class=\"elementor-button elementor-button-link elementor-size-md\" href=\"https:\/\/klimaskog.com\/en\/spende-fuer-den-klimaschutz\/\">\n\t\t\t\t\t\t<span class=\"elementor-button-content-wrapper\">\n\t\t\t\t\t\t<span class=\"elementor-button-icon\">\n\t\t\t\t<svg aria-hidden=\"true\" class=\"e-font-icon-svg e-fas-arrow-alt-circle-left\" viewbox=\"0 0 512 512\" xmlns=\"http:\/\/www.w3.org\/2000\/svg\"><path d=\"M256 504C119 504 8 393 8 256S119 8 256 8s248 111 248 248-111 248-248 248zm116-292H256v-70.9c0-10.7-13-16.1-20.5-8.5L121.2 247.5c-4.7 4.7-4.7 12.2 0 16.9l114.3 114.9c7.6 7.6 20.5 2.2 20.5-8.5V300h116c6.6 0 12-5.4 12-12v-64c0-6.6-5.4-12-12-12z\"><\/path><\/svg>\t\t\t<\/span>\n\t\t\t\t\t\t\t\t\t<span class=\"elementor-button-text\">back<\/span>\n\t\t\t\t\t<\/span>\n\t\t\t\t\t<\/a>\n\t\t\t\t<\/div>\n\t\t\t\t\t\t\t\t<\/div>\n\t\t\t\t<\/div>\n\t\t\t\t\t<\/div>\n\t\t<\/div>\n\t\t\t\t\t<\/div>\n\t\t<\/section>\n\t\t\t\t<\/div>","protected":false},"excerpt":{"rendered":"<p>Abholzung stoppen Wald ist unser wohl wichtigster Verb\u00fcndeter, wenn es darum geht, Kohlendioxid zu binden und lagern. Mehr als 100 Staaten haben sich auf dem letzten Weltklimagipfel in Glasgow verpflichtet, die Abholzung der W\u00e4lder bis zum Jahr 2030 zu stoppen. Dieses Vorhaben ist ein wichtiger und richtiger Schritt im Kampf gegen den Klimawandel und die [&hellip;]<\/p>","protected":false},"author":1,"featured_media":0,"parent":0,"menu_order":0,"comment_status":"closed","ping_status":"closed","template":"","meta":{"footnotes":""},"class_list":["post-2535","page","type-page","status-publish","hentry"],"yoast_head":"<!-- This site is optimized with the Yoast SEO plugin v27.5 - https:\/\/yoast.com\/product\/yoast-seo-wordpress\/ -->\n<title>Abholzung stoppen - Klimaskog<\/title>\n<meta name=\"robots\" content=\"index, follow, max-snippet:-1, max-image-preview:large, max-video-preview:-1\" \/>\n<link rel=\"canonical\" href=\"https:\/\/klimaskog.com\/en\/abholzung-stoppen\/\" \/>\n<meta property=\"og:locale\" content=\"en_GB\" \/>\n<meta property=\"og:type\" content=\"article\" \/>\n<meta property=\"og:title\" content=\"Abholzung stoppen - Klimaskog\" \/>\n<meta property=\"og:description\" content=\"Abholzung stoppen Wald ist unser wohl wichtigster Verb\u00fcndeter, wenn es darum geht, Kohlendioxid zu binden und lagern. Mehr als 100 Staaten haben sich auf dem letzten Weltklimagipfel in Glasgow verpflichtet, die Abholzung der W\u00e4lder bis zum Jahr 2030 zu stoppen. Dieses Vorhaben ist ein wichtiger und richtiger Schritt im Kampf gegen den Klimawandel und die [&hellip;]\" \/>\n<meta property=\"og:url\" content=\"https:\/\/klimaskog.com\/en\/abholzung-stoppen\/\" \/>\n<meta property=\"og:site_name\" content=\"Klimaskog\" \/>\n<meta property=\"article:publisher\" content=\"https:\/\/www.facebook.com\/Klimawald-109698464735068\" \/>\n<meta property=\"article:modified_time\" content=\"2024-12-09T13:23:14+00:00\" \/>\n<meta property=\"og:image\" content=\"https:\/\/klimaskog.com\/wp-content\/uploads\/2022\/07\/klimaskog-waldabholzung-in-norwegen-stoppen.jpg\" \/>\n\t<meta property=\"og:image:width\" content=\"800\" \/>\n\t<meta property=\"og:image:height\" content=\"600\" \/>\n\t<meta property=\"og:image:type\" content=\"image\/jpeg\" \/>\n<meta name=\"twitter:card\" content=\"summary_large_image\" \/>\n<meta name=\"twitter:label1\" content=\"Estimated reading time\" \/>\n\t<meta name=\"twitter:data1\" content=\"2 minutes\" \/>\n<script type=\"application\/ld+json\" class=\"yoast-schema-graph\">{\"@context\":\"https:\\\/\\\/schema.org\",\"@graph\":[{\"@type\":\"WebPage\",\"@id\":\"https:\\\/\\\/klimaskog.com\\\/abholzung-stoppen\\\/\",\"url\":\"https:\\\/\\\/klimaskog.com\\\/abholzung-stoppen\\\/\",\"name\":\"Abholzung stoppen - Klimaskog\",\"isPartOf\":{\"@id\":\"https:\\\/\\\/klimaskog.com\\\/#website\"},\"primaryImageOfPage\":{\"@id\":\"https:\\\/\\\/klimaskog.com\\\/abholzung-stoppen\\\/#primaryimage\"},\"image\":{\"@id\":\"https:\\\/\\\/klimaskog.com\\\/abholzung-stoppen\\\/#primaryimage\"},\"thumbnailUrl\":\"https:\\\/\\\/klimaskog.com\\\/wp-content\\\/uploads\\\/2022\\\/07\\\/klimaskog-waldabholzung-in-norwegen-stoppen.jpg\",\"datePublished\":\"2022-07-28T09:09:36+00:00\",\"dateModified\":\"2024-12-09T13:23:14+00:00\",\"breadcrumb\":{\"@id\":\"https:\\\/\\\/klimaskog.com\\\/abholzung-stoppen\\\/#breadcrumb\"},\"inLanguage\":\"en-GB\",\"potentialAction\":[{\"@type\":\"ReadAction\",\"target\":[\"https:\\\/\\\/klimaskog.com\\\/abholzung-stoppen\\\/\"]}]},{\"@type\":\"ImageObject\",\"inLanguage\":\"en-GB\",\"@id\":\"https:\\\/\\\/klimaskog.com\\\/abholzung-stoppen\\\/#primaryimage\",\"url\":\"https:\\\/\\\/klimaskog.com\\\/wp-content\\\/uploads\\\/2022\\\/07\\\/klimaskog-waldabholzung-in-norwegen-stoppen.jpg\",\"contentUrl\":\"https:\\\/\\\/klimaskog.com\\\/wp-content\\\/uploads\\\/2022\\\/07\\\/klimaskog-waldabholzung-in-norwegen-stoppen.jpg\"},{\"@type\":\"BreadcrumbList\",\"@id\":\"https:\\\/\\\/klimaskog.com\\\/abholzung-stoppen\\\/#breadcrumb\",\"itemListElement\":[{\"@type\":\"ListItem\",\"position\":1,\"name\":\"Startseite\",\"item\":\"https:\\\/\\\/klimaskog.com\\\/\"},{\"@type\":\"ListItem\",\"position\":2,\"name\":\"Abholzung stoppen\"}]},{\"@type\":\"WebSite\",\"@id\":\"https:\\\/\\\/klimaskog.com\\\/#website\",\"url\":\"https:\\\/\\\/klimaskog.com\\\/\",\"name\":\"Klimaskog\",\"description\":\"Klima- und Artenschutz. Klimaw\u00e4lder f\u00fcr kommende Generationen sch\u00fctzen.\",\"potentialAction\":[{\"@type\":\"SearchAction\",\"target\":{\"@type\":\"EntryPoint\",\"urlTemplate\":\"https:\\\/\\\/klimaskog.com\\\/?s={search_term_string}\"},\"query-input\":{\"@type\":\"PropertyValueSpecification\",\"valueRequired\":true,\"valueName\":\"search_term_string\"}}],\"inLanguage\":\"en-GB\"}]}<\/script>\n<!-- \/ Yoast SEO plugin. -->","yoast_head_json":{"title":"Abholzung stoppen - Klimaskog","robots":{"index":"index","follow":"follow","max-snippet":"max-snippet:-1","max-image-preview":"max-image-preview:large","max-video-preview":"max-video-preview:-1"},"canonical":"https:\/\/klimaskog.com\/en\/abholzung-stoppen\/","og_locale":"en_GB","og_type":"article","og_title":"Abholzung stoppen - Klimaskog","og_description":"Abholzung stoppen Wald ist unser wohl wichtigster Verb\u00fcndeter, wenn es darum geht, Kohlendioxid zu binden und lagern. Mehr als 100 Staaten haben sich auf dem letzten Weltklimagipfel in Glasgow verpflichtet, die Abholzung der W\u00e4lder bis zum Jahr 2030 zu stoppen. Dieses Vorhaben ist ein wichtiger und richtiger Schritt im Kampf gegen den Klimawandel und die [&hellip;]","og_url":"https:\/\/klimaskog.com\/en\/abholzung-stoppen\/","og_site_name":"Klimaskog","article_publisher":"https:\/\/www.facebook.com\/Klimawald-109698464735068","article_modified_time":"2024-12-09T13:23:14+00:00","og_image":[{"width":800,"height":600,"url":"https:\/\/klimaskog.com\/wp-content\/uploads\/2022\/07\/klimaskog-waldabholzung-in-norwegen-stoppen.jpg","type":"image\/jpeg"}],"twitter_card":"summary_large_image","twitter_misc":{"Estimated reading time":"2 minutes"},"schema":{"@context":"https:\/\/schema.org","@graph":[{"@type":"WebPage","@id":"https:\/\/klimaskog.com\/abholzung-stoppen\/","url":"https:\/\/klimaskog.com\/abholzung-stoppen\/","name":"Abholzung stoppen - Klimaskog","isPartOf":{"@id":"https:\/\/klimaskog.com\/#website"},"primaryImageOfPage":{"@id":"https:\/\/klimaskog.com\/abholzung-stoppen\/#primaryimage"},"image":{"@id":"https:\/\/klimaskog.com\/abholzung-stoppen\/#primaryimage"},"thumbnailUrl":"https:\/\/klimaskog.com\/wp-content\/uploads\/2022\/07\/klimaskog-waldabholzung-in-norwegen-stoppen.jpg","datePublished":"2022-07-28T09:09:36+00:00","dateModified":"2024-12-09T13:23:14+00:00","breadcrumb":{"@id":"https:\/\/klimaskog.com\/abholzung-stoppen\/#breadcrumb"},"inLanguage":"en-GB","potentialAction":[{"@type":"ReadAction","target":["https:\/\/klimaskog.com\/abholzung-stoppen\/"]}]},{"@type":"ImageObject","inLanguage":"en-GB","@id":"https:\/\/klimaskog.com\/abholzung-stoppen\/#primaryimage","url":"https:\/\/klimaskog.com\/wp-content\/uploads\/2022\/07\/klimaskog-waldabholzung-in-norwegen-stoppen.jpg","contentUrl":"https:\/\/klimaskog.com\/wp-content\/uploads\/2022\/07\/klimaskog-waldabholzung-in-norwegen-stoppen.jpg"},{"@type":"BreadcrumbList","@id":"https:\/\/klimaskog.com\/abholzung-stoppen\/#breadcrumb","itemListElement":[{"@type":"ListItem","position":1,"name":"Startseite","item":"https:\/\/klimaskog.com\/"},{"@type":"ListItem","position":2,"name":"Abholzung stoppen"}]},{"@type":"WebSite","@id":"https:\/\/klimaskog.com\/#website","url":"https:\/\/klimaskog.com\/","name":"Klimaskog","description":"Klima- und Artenschutz. Klimaw\u00e4lder f\u00fcr kommende Generationen sch\u00fctzen.","potentialAction":[{"@type":"SearchAction","target":{"@type":"EntryPoint","urlTemplate":"https:\/\/klimaskog.com\/?s={search_term_string}"},"query-input":{"@type":"PropertyValueSpecification","valueRequired":true,"valueName":"search_term_string"}}],"inLanguage":"en-GB"}]}},"_links":{"self":[{"href":"https:\/\/klimaskog.com\/en\/wp-json\/wp\/v2\/pages\/2535","targetHints":{"allow":["GET"]}}],"collection":[{"href":"https:\/\/klimaskog.com\/en\/wp-json\/wp\/v2\/pages"}],"about":[{"href":"https:\/\/klimaskog.com\/en\/wp-json\/wp\/v2\/types\/page"}],"author":[{"embeddable":true,"href":"https:\/\/klimaskog.com\/en\/wp-json\/wp\/v2\/users\/1"}],"replies":[{"embeddable":true,"href":"https:\/\/klimaskog.com\/en\/wp-json\/wp\/v2\/comments?post=2535"}],"version-history":[{"count":32,"href":"https:\/\/klimaskog.com\/en\/wp-json\/wp\/v2\/pages\/2535\/revisions"}],"predecessor-version":[{"id":3373,"href":"https:\/\/klimaskog.com\/en\/wp-json\/wp\/v2\/pages\/2535\/revisions\/3373"}],"wp:attachment":[{"href":"https:\/\/klimaskog.com\/en\/wp-json\/wp\/v2\/media?parent=2535"}],"curies":[{"name":"wp","href":"https:\/\/api.w.org\/{rel}","templated":true}]}}