{"id":2545,"date":"2022-07-28T11:18:48","date_gmt":"2022-07-28T09:18:48","guid":{"rendered":"https:\/\/klimaskog.com\/?page_id=2545"},"modified":"2024-12-09T14:32:18","modified_gmt":"2024-12-09T13:32:18","slug":"waelder-erhalten","status":"publish","type":"page","link":"https:\/\/klimaskog.com\/en\/waelder-erhalten\/","title":{"rendered":"Save forests"},"content":{"rendered":"<div data-elementor-type=\"wp-page\" data-elementor-id=\"2545\" class=\"elementor elementor-2545\">\n\t\t\t\t\t\t<section class=\"elementor-section elementor-top-section elementor-element elementor-element-2c9aaa0a elementor-section-boxed elementor-section-height-default elementor-section-height-default\" data-id=\"2c9aaa0a\" data-element_type=\"section\" data-e-type=\"section\">\n\t\t\t\t\t\t<div class=\"elementor-container elementor-column-gap-default\">\n\t\t\t\t\t<div class=\"elementor-column elementor-col-100 elementor-top-column elementor-element elementor-element-58a942b2\" data-id=\"58a942b2\" data-element_type=\"column\" data-e-type=\"column\">\n\t\t\t<div class=\"elementor-widget-wrap elementor-element-populated\">\n\t\t\t\t\t\t<div class=\"elementor-element elementor-element-2eda56bd elementor-widget elementor-widget-heading\" data-id=\"2eda56bd\" data-element_type=\"widget\" data-e-type=\"widget\" data-widget_type=\"heading.default\">\n\t\t\t\t<div class=\"elementor-widget-container\">\n\t\t\t\t\t<h2 class=\"elementor-heading-title elementor-size-default\">Save forests<\/h2>\t\t\t\t<\/div>\n\t\t\t\t<\/div>\n\t\t\t\t<div class=\"elementor-element elementor-element-2a505ce5 elementor-widget elementor-widget-image\" data-id=\"2a505ce5\" data-element_type=\"widget\" data-e-type=\"widget\" data-widget_type=\"image.default\">\n\t\t\t\t<div class=\"elementor-widget-container\">\n\t\t\t\t\t\t\t\t\t\t\t\t\t\t\t<img fetchpriority=\"high\" decoding=\"async\" width=\"800\" height=\"450\" src=\"https:\/\/klimaskog.com\/wp-content\/uploads\/2022\/07\/IB88314-Edit-1024x576.jpg\" class=\"attachment-large size-large wp-image-2312\" alt=\"\" srcset=\"https:\/\/klimaskog.com\/wp-content\/uploads\/2022\/07\/IB88314-Edit-1024x576.jpg 1024w, https:\/\/klimaskog.com\/wp-content\/uploads\/2022\/07\/IB88314-Edit-300x169.jpg 300w, https:\/\/klimaskog.com\/wp-content\/uploads\/2022\/07\/IB88314-Edit-768x432.jpg 768w, https:\/\/klimaskog.com\/wp-content\/uploads\/2022\/07\/IB88314-Edit-1536x864.jpg 1536w, https:\/\/klimaskog.com\/wp-content\/uploads\/2022\/07\/IB88314-Edit-2048x1152.jpg 2048w, https:\/\/klimaskog.com\/wp-content\/uploads\/2022\/07\/IB88314-Edit-18x10.jpg 18w, https:\/\/klimaskog.com\/wp-content\/uploads\/2022\/07\/IB88314-Edit-1200x675.jpg 1200w\" sizes=\"(max-width: 800px) 100vw, 800px\" \/>\t\t\t\t\t\t\t\t\t\t\t\t\t\t\t<\/div>\n\t\t\t\t<\/div>\n\t\t\t\t<section class=\"elementor-section elementor-inner-section elementor-element elementor-element-387d986c elementor-section-boxed elementor-section-height-default elementor-section-height-default\" data-id=\"387d986c\" data-element_type=\"section\" data-e-type=\"section\">\n\t\t\t\t\t\t<div class=\"elementor-container elementor-column-gap-default\">\n\t\t\t\t\t<div class=\"elementor-column elementor-col-50 elementor-inner-column elementor-element elementor-element-5d278632\" data-id=\"5d278632\" data-element_type=\"column\" data-e-type=\"column\">\n\t\t\t<div class=\"elementor-widget-wrap elementor-element-populated\">\n\t\t\t\t\t\t<div class=\"elementor-element elementor-element-f87df70 elementor-widget elementor-widget-heading\" data-id=\"f87df70\" data-element_type=\"widget\" data-e-type=\"widget\" data-widget_type=\"heading.default\">\n\t\t\t\t<div class=\"elementor-widget-container\">\n\t\t\t\t\t<h2 class=\"elementor-heading-title elementor-size-default\">Why is it important to preserve forests? Why not just plant new forest?<\/h2>\t\t\t\t<\/div>\n\t\t\t\t<\/div>\n\t\t\t\t<div class=\"elementor-element elementor-element-c792d92 elementor-widget elementor-widget-text-editor\" data-id=\"c792d92\" data-element_type=\"widget\" data-e-type=\"widget\" data-widget_type=\"text-editor.default\">\n\t\t\t\t<div class=\"elementor-widget-container\">\n\t\t\t\t\t\t\t\t\t<p><span lang=\"de-DE\" style=\"font-size: 14pt;\">A naturally grown forest is home to a variety of plants and animals. Old trees die, fall over and again form a basis of life for microorganisms, insects and fungi. In a natural forest, there are trees in different stages of growth and the sunlight often penetrates to the forest floor. Carbon dioxide is not only bound in the trunk, but also to a large extent in the root network of the trees.<\/span><\/p><p><span lang=\"de-DE\" style=\"font-size: 14pt;\">In contrast, a forest planted by humans usually consists of one and the same, often fast-growing type of wood, densely planted hardly any light penetrates through the branches. These monocultures provide hardly any food for the animal and plant world. After a short growth phase, the trees are felled, the soil is torn open and carbon dioxide is released for years to come.<\/span><\/p>\t\t\t\t\t\t\t\t<\/div>\n\t\t\t\t<\/div>\n\t\t\t\t\t<\/div>\n\t\t<\/div>\n\t\t\t\t<div class=\"elementor-column elementor-col-50 elementor-inner-column elementor-element elementor-element-6ff3dcfe\" data-id=\"6ff3dcfe\" data-element_type=\"column\" data-e-type=\"column\">\n\t\t\t<div class=\"elementor-widget-wrap elementor-element-populated\">\n\t\t\t\t\t\t<div class=\"elementor-element elementor-element-4e043e2c elementor-widget elementor-widget-text-editor\" data-id=\"4e043e2c\" data-element_type=\"widget\" data-e-type=\"widget\" data-widget_type=\"text-editor.default\">\n\t\t\t\t<div class=\"elementor-widget-container\">\n\t\t\t\t\t\t\t\t\t<p><span lang=\"de-DE\"><span style=\"font-size: 14pt;\">Old, natural forests are less and less to be found, they are only available in the per mille range. Klimaskog is committed to preserving these irreplaceable treasures. In Norway, over 75% of the forest is privately owned, with your help we are confident to convince forest owners of the need for forest protection. To this end, we carry out educational work and sometimes pay compensation for loss of income. Last year, for example, we were able to save a 135-hectare area for which the clearing machines had already been ordered from deforestation.<\/span> <\/span><\/p>\t\t\t\t\t\t\t\t<\/div>\n\t\t\t\t<\/div>\n\t\t\t\t<div class=\"elementor-element elementor-element-9eea365 elementor-widget elementor-widget-heading\" data-id=\"9eea365\" data-element_type=\"widget\" data-e-type=\"widget\" data-widget_type=\"heading.default\">\n\t\t\t\t<div class=\"elementor-widget-container\">\n\t\t\t\t\t<h2 class=\"elementor-heading-title elementor-size-default\">Help protect the forest <b>let it grow!<\/b><\/h2>\t\t\t\t<\/div>\n\t\t\t\t<\/div>\n\t\t\t\t\t<\/div>\n\t\t<\/div>\n\t\t\t\t\t<\/div>\n\t\t<\/section>\n\t\t\t\t<div class=\"elementor-element elementor-element-6397625 elementor-align-right elementor-widget elementor-widget-button\" data-id=\"6397625\" data-element_type=\"widget\" data-e-type=\"widget\" data-widget_type=\"button.default\">\n\t\t\t\t<div class=\"elementor-widget-container\">\n\t\t\t\t\t\t\t\t\t<div class=\"elementor-button-wrapper\">\n\t\t\t\t\t<a class=\"elementor-button elementor-button-link elementor-size-md\" href=\"https:\/\/klimaskog.com\/en\/spende-fuer-den-klimaschutz\/#spenden\">\n\t\t\t\t\t\t<span class=\"elementor-button-content-wrapper\">\n\t\t\t\t\t\t<span class=\"elementor-button-icon\">\n\t\t\t\t<svg aria-hidden=\"true\" class=\"e-font-icon-svg e-fas-hand-holding-heart\" viewbox=\"0 0 576 512\" xmlns=\"http:\/\/www.w3.org\/2000\/svg\"><path d=\"M275.3 250.5c7 7.4 18.4 7.4 25.5 0l108.9-114.2c31.6-33.2 29.8-88.2-5.6-118.8-30.8-26.7-76.7-21.9-104.9 7.7L288 36.9l-11.1-11.6C248.7-4.4 202.8-9.2 172 17.5c-35.3 30.6-37.2 85.6-5.6 118.8l108.9 114.2zm290 77.6c-11.8-10.7-30.2-10-42.6 0L430.3 402c-11.3 9.1-25.4 14-40 14H272c-8.8 0-16-7.2-16-16s7.2-16 16-16h78.3c15.9 0 30.7-10.9 33.3-26.6 3.3-20-12.1-37.4-31.6-37.4H192c-27 0-53.1 9.3-74.1 26.3L71.4 384H16c-8.8 0-16 7.2-16 16v96c0 8.8 7.2 16 16 16h356.8c14.5 0 28.6-4.9 40-14L564 377c15.2-12.1 16.4-35.3 1.3-48.9z\"><\/path><\/svg>\t\t\t<\/span>\n\t\t\t\t\t\t\t\t\t<span class=\"elementor-button-text\">donate Now!<\/span>\n\t\t\t\t\t<\/span>\n\t\t\t\t\t<\/a>\n\t\t\t\t<\/div>\n\t\t\t\t\t\t\t\t<\/div>\n\t\t\t\t<\/div>\n\t\t\t\t<div class=\"elementor-element elementor-element-c32ca09 elementor-align-left elementor-widget elementor-widget-button\" data-id=\"c32ca09\" data-element_type=\"widget\" data-e-type=\"widget\" data-widget_type=\"button.default\">\n\t\t\t\t<div class=\"elementor-widget-container\">\n\t\t\t\t\t\t\t\t\t<div class=\"elementor-button-wrapper\">\n\t\t\t\t\t<a class=\"elementor-button elementor-button-link elementor-size-md\" href=\"https:\/\/klimaskog.com\/en\/spende-fuer-den-klimaschutz\/\">\n\t\t\t\t\t\t<span class=\"elementor-button-content-wrapper\">\n\t\t\t\t\t\t<span class=\"elementor-button-icon\">\n\t\t\t\t<svg aria-hidden=\"true\" class=\"e-font-icon-svg e-fas-arrow-alt-circle-left\" viewbox=\"0 0 512 512\" xmlns=\"http:\/\/www.w3.org\/2000\/svg\"><path d=\"M256 504C119 504 8 393 8 256S119 8 256 8s248 111 248 248-111 248-248 248zm116-292H256v-70.9c0-10.7-13-16.1-20.5-8.5L121.2 247.5c-4.7 4.7-4.7 12.2 0 16.9l114.3 114.9c7.6 7.6 20.5 2.2 20.5-8.5V300h116c6.6 0 12-5.4 12-12v-64c0-6.6-5.4-12-12-12z\"><\/path><\/svg>\t\t\t<\/span>\n\t\t\t\t\t\t\t\t\t<span class=\"elementor-button-text\">back<\/span>\n\t\t\t\t\t<\/span>\n\t\t\t\t\t<\/a>\n\t\t\t\t<\/div>\n\t\t\t\t\t\t\t\t<\/div>\n\t\t\t\t<\/div>\n\t\t\t\t\t<\/div>\n\t\t<\/div>\n\t\t\t\t\t<\/div>\n\t\t<\/section>\n\t\t\t\t<\/div>","protected":false},"excerpt":{"rendered":"<p>W\u00e4lder erhalten Warum ist es wichtig, W\u00e4lder zu erhalten? Warum nicht einfach neuen Wald pflanzen? Ein nat\u00fcrlich gewachsener Wald beherbergt eine Vielfalt an Pflanzen und Tieren. Alte B\u00e4ume sterben ab, fallen um und bilden wieder eine Lebensgrundlage f\u00fcr Mikroorganismen, Insekten und Pilze. In einem nat\u00fcrlichen Wald gibt es B\u00e4ume in verschiedenen Wachstumsphasen und das Sonnenlicht [&hellip;]<\/p>","protected":false},"author":1,"featured_media":0,"parent":0,"menu_order":0,"comment_status":"closed","ping_status":"closed","template":"","meta":{"footnotes":""},"class_list":["post-2545","page","type-page","status-publish","hentry"],"yoast_head":"<!-- This site is optimized with the Yoast SEO plugin v27.5 - https:\/\/yoast.com\/product\/yoast-seo-wordpress\/ -->\n<title>W\u00e4lder erhalten - Klimaskog<\/title>\n<meta name=\"robots\" content=\"index, follow, max-snippet:-1, max-image-preview:large, max-video-preview:-1\" \/>\n<link rel=\"canonical\" href=\"https:\/\/klimaskog.com\/en\/waelder-erhalten\/\" \/>\n<meta property=\"og:locale\" content=\"en_GB\" \/>\n<meta property=\"og:type\" content=\"article\" \/>\n<meta property=\"og:title\" content=\"W\u00e4lder erhalten - Klimaskog\" \/>\n<meta property=\"og:description\" content=\"W\u00e4lder erhalten Warum ist es wichtig, W\u00e4lder zu erhalten? Warum nicht einfach neuen Wald pflanzen? Ein nat\u00fcrlich gewachsener Wald beherbergt eine Vielfalt an Pflanzen und Tieren. Alte B\u00e4ume sterben ab, fallen um und bilden wieder eine Lebensgrundlage f\u00fcr Mikroorganismen, Insekten und Pilze. In einem nat\u00fcrlichen Wald gibt es B\u00e4ume in verschiedenen Wachstumsphasen und das Sonnenlicht [&hellip;]\" \/>\n<meta property=\"og:url\" content=\"https:\/\/klimaskog.com\/en\/waelder-erhalten\/\" \/>\n<meta property=\"og:site_name\" content=\"Klimaskog\" \/>\n<meta property=\"article:publisher\" content=\"https:\/\/www.facebook.com\/Klimawald-109698464735068\" \/>\n<meta property=\"article:modified_time\" content=\"2024-12-09T13:32:18+00:00\" \/>\n<meta property=\"og:image\" content=\"https:\/\/klimaskog.com\/wp-content\/uploads\/2022\/07\/IB88314-Edit-scaled.jpg\" \/>\n\t<meta property=\"og:image:width\" content=\"2560\" \/>\n\t<meta property=\"og:image:height\" content=\"1440\" \/>\n\t<meta property=\"og:image:type\" content=\"image\/jpeg\" \/>\n<meta name=\"twitter:card\" content=\"summary_large_image\" \/>\n<meta name=\"twitter:label1\" content=\"Estimated reading time\" \/>\n\t<meta name=\"twitter:data1\" content=\"2 minutes\" \/>\n<script type=\"application\/ld+json\" class=\"yoast-schema-graph\">{\"@context\":\"https:\\\/\\\/schema.org\",\"@graph\":[{\"@type\":\"WebPage\",\"@id\":\"https:\\\/\\\/klimaskog.com\\\/waelder-erhalten\\\/\",\"url\":\"https:\\\/\\\/klimaskog.com\\\/waelder-erhalten\\\/\",\"name\":\"W\u00e4lder erhalten - Klimaskog\",\"isPartOf\":{\"@id\":\"https:\\\/\\\/klimaskog.com\\\/#website\"},\"primaryImageOfPage\":{\"@id\":\"https:\\\/\\\/klimaskog.com\\\/waelder-erhalten\\\/#primaryimage\"},\"image\":{\"@id\":\"https:\\\/\\\/klimaskog.com\\\/waelder-erhalten\\\/#primaryimage\"},\"thumbnailUrl\":\"https:\\\/\\\/klimaskog.com\\\/wp-content\\\/uploads\\\/2022\\\/07\\\/IB88314-Edit-1024x576.jpg\",\"datePublished\":\"2022-07-28T09:18:48+00:00\",\"dateModified\":\"2024-12-09T13:32:18+00:00\",\"breadcrumb\":{\"@id\":\"https:\\\/\\\/klimaskog.com\\\/waelder-erhalten\\\/#breadcrumb\"},\"inLanguage\":\"en-GB\",\"potentialAction\":[{\"@type\":\"ReadAction\",\"target\":[\"https:\\\/\\\/klimaskog.com\\\/waelder-erhalten\\\/\"]}]},{\"@type\":\"ImageObject\",\"inLanguage\":\"en-GB\",\"@id\":\"https:\\\/\\\/klimaskog.com\\\/waelder-erhalten\\\/#primaryimage\",\"url\":\"https:\\\/\\\/klimaskog.com\\\/wp-content\\\/uploads\\\/2022\\\/07\\\/IB88314-Edit-1024x576.jpg\",\"contentUrl\":\"https:\\\/\\\/klimaskog.com\\\/wp-content\\\/uploads\\\/2022\\\/07\\\/IB88314-Edit-1024x576.jpg\"},{\"@type\":\"BreadcrumbList\",\"@id\":\"https:\\\/\\\/klimaskog.com\\\/waelder-erhalten\\\/#breadcrumb\",\"itemListElement\":[{\"@type\":\"ListItem\",\"position\":1,\"name\":\"Startseite\",\"item\":\"https:\\\/\\\/klimaskog.com\\\/\"},{\"@type\":\"ListItem\",\"position\":2,\"name\":\"W\u00e4lder erhalten\"}]},{\"@type\":\"WebSite\",\"@id\":\"https:\\\/\\\/klimaskog.com\\\/#website\",\"url\":\"https:\\\/\\\/klimaskog.com\\\/\",\"name\":\"Klimaskog\",\"description\":\"Klima- und Artenschutz. Klimaw\u00e4lder f\u00fcr kommende Generationen sch\u00fctzen.\",\"potentialAction\":[{\"@type\":\"SearchAction\",\"target\":{\"@type\":\"EntryPoint\",\"urlTemplate\":\"https:\\\/\\\/klimaskog.com\\\/?s={search_term_string}\"},\"query-input\":{\"@type\":\"PropertyValueSpecification\",\"valueRequired\":true,\"valueName\":\"search_term_string\"}}],\"inLanguage\":\"en-GB\"}]}<\/script>\n<!-- \/ Yoast SEO plugin. -->","yoast_head_json":{"title":"W\u00e4lder erhalten - Klimaskog","robots":{"index":"index","follow":"follow","max-snippet":"max-snippet:-1","max-image-preview":"max-image-preview:large","max-video-preview":"max-video-preview:-1"},"canonical":"https:\/\/klimaskog.com\/en\/waelder-erhalten\/","og_locale":"en_GB","og_type":"article","og_title":"W\u00e4lder erhalten - Klimaskog","og_description":"W\u00e4lder erhalten Warum ist es wichtig, W\u00e4lder zu erhalten? Warum nicht einfach neuen Wald pflanzen? Ein nat\u00fcrlich gewachsener Wald beherbergt eine Vielfalt an Pflanzen und Tieren. Alte B\u00e4ume sterben ab, fallen um und bilden wieder eine Lebensgrundlage f\u00fcr Mikroorganismen, Insekten und Pilze. In einem nat\u00fcrlichen Wald gibt es B\u00e4ume in verschiedenen Wachstumsphasen und das Sonnenlicht [&hellip;]","og_url":"https:\/\/klimaskog.com\/en\/waelder-erhalten\/","og_site_name":"Klimaskog","article_publisher":"https:\/\/www.facebook.com\/Klimawald-109698464735068","article_modified_time":"2024-12-09T13:32:18+00:00","og_image":[{"width":2560,"height":1440,"url":"https:\/\/klimaskog.com\/wp-content\/uploads\/2022\/07\/IB88314-Edit-scaled.jpg","type":"image\/jpeg"}],"twitter_card":"summary_large_image","twitter_misc":{"Estimated reading time":"2 minutes"},"schema":{"@context":"https:\/\/schema.org","@graph":[{"@type":"WebPage","@id":"https:\/\/klimaskog.com\/waelder-erhalten\/","url":"https:\/\/klimaskog.com\/waelder-erhalten\/","name":"W\u00e4lder erhalten - Klimaskog","isPartOf":{"@id":"https:\/\/klimaskog.com\/#website"},"primaryImageOfPage":{"@id":"https:\/\/klimaskog.com\/waelder-erhalten\/#primaryimage"},"image":{"@id":"https:\/\/klimaskog.com\/waelder-erhalten\/#primaryimage"},"thumbnailUrl":"https:\/\/klimaskog.com\/wp-content\/uploads\/2022\/07\/IB88314-Edit-1024x576.jpg","datePublished":"2022-07-28T09:18:48+00:00","dateModified":"2024-12-09T13:32:18+00:00","breadcrumb":{"@id":"https:\/\/klimaskog.com\/waelder-erhalten\/#breadcrumb"},"inLanguage":"en-GB","potentialAction":[{"@type":"ReadAction","target":["https:\/\/klimaskog.com\/waelder-erhalten\/"]}]},{"@type":"ImageObject","inLanguage":"en-GB","@id":"https:\/\/klimaskog.com\/waelder-erhalten\/#primaryimage","url":"https:\/\/klimaskog.com\/wp-content\/uploads\/2022\/07\/IB88314-Edit-1024x576.jpg","contentUrl":"https:\/\/klimaskog.com\/wp-content\/uploads\/2022\/07\/IB88314-Edit-1024x576.jpg"},{"@type":"BreadcrumbList","@id":"https:\/\/klimaskog.com\/waelder-erhalten\/#breadcrumb","itemListElement":[{"@type":"ListItem","position":1,"name":"Startseite","item":"https:\/\/klimaskog.com\/"},{"@type":"ListItem","position":2,"name":"W\u00e4lder erhalten"}]},{"@type":"WebSite","@id":"https:\/\/klimaskog.com\/#website","url":"https:\/\/klimaskog.com\/","name":"Klimaskog","description":"Klima- und Artenschutz. Klimaw\u00e4lder f\u00fcr kommende Generationen sch\u00fctzen.","potentialAction":[{"@type":"SearchAction","target":{"@type":"EntryPoint","urlTemplate":"https:\/\/klimaskog.com\/?s={search_term_string}"},"query-input":{"@type":"PropertyValueSpecification","valueRequired":true,"valueName":"search_term_string"}}],"inLanguage":"en-GB"}]}},"_links":{"self":[{"href":"https:\/\/klimaskog.com\/en\/wp-json\/wp\/v2\/pages\/2545","targetHints":{"allow":["GET"]}}],"collection":[{"href":"https:\/\/klimaskog.com\/en\/wp-json\/wp\/v2\/pages"}],"about":[{"href":"https:\/\/klimaskog.com\/en\/wp-json\/wp\/v2\/types\/page"}],"author":[{"embeddable":true,"href":"https:\/\/klimaskog.com\/en\/wp-json\/wp\/v2\/users\/1"}],"replies":[{"embeddable":true,"href":"https:\/\/klimaskog.com\/en\/wp-json\/wp\/v2\/comments?post=2545"}],"version-history":[{"count":58,"href":"https:\/\/klimaskog.com\/en\/wp-json\/wp\/v2\/pages\/2545\/revisions"}],"predecessor-version":[{"id":3422,"href":"https:\/\/klimaskog.com\/en\/wp-json\/wp\/v2\/pages\/2545\/revisions\/3422"}],"wp:attachment":[{"href":"https:\/\/klimaskog.com\/en\/wp-json\/wp\/v2\/media?parent=2545"}],"curies":[{"name":"wp","href":"https:\/\/api.w.org\/{rel}","templated":true}]}}