{"id":3,"date":"2021-04-26T10:53:16","date_gmt":"2021-04-26T08:53:16","guid":{"rendered":"https:\/\/klimaskog.com\/?page_id=3"},"modified":"2024-12-09T14:25:19","modified_gmt":"2024-12-09T13:25:19","slug":"datenschutzerklaerung","status":"publish","type":"page","link":"https:\/\/klimaskog.com\/nb\/datenschutzerklaerung\/","title":{"rendered":"Personvern"},"content":{"rendered":"<div data-elementor-type=\"wp-page\" data-elementor-id=\"3\" class=\"elementor elementor-3\">\n\t\t\t\t\t\t<section class=\"elementor-section elementor-top-section elementor-element elementor-element-23f07305 elementor-section-boxed elementor-section-height-default elementor-section-height-default\" data-id=\"23f07305\" data-element_type=\"section\">\n\t\t\t\t\t\t<div class=\"elementor-container elementor-column-gap-default\">\n\t\t\t\t\t<div class=\"elementor-column elementor-col-100 elementor-top-column elementor-element elementor-element-4f279c33\" data-id=\"4f279c33\" data-element_type=\"column\">\n\t\t\t<div class=\"elementor-widget-wrap elementor-element-populated\">\n\t\t\t\t\t\t<div class=\"elementor-element elementor-element-1724a353 elementor-widget elementor-widget-text-editor\" data-id=\"1724a353\" data-element_type=\"widget\" data-widget_type=\"text-editor.default\">\n\t\t\t\t<div class=\"elementor-widget-container\">\n\t\t\t\t\t\t\t\t\t<p><span style=\"color: #ffffff;\"><\/span><\/p>\n<h1 class=\"wp-block-heading\">Personvern<\/h1>\n<p>Personenbezogene Daten (nachfolgend zumeist nur \u201eDaten\u201c genannt)<br \/>werden von uns nur im Rahmen der Erforderlichkeit sowie zum Zwecke der<br \/>Bereitstellung eines funktionsf\u00e4higen und nutzerfreundlichen<br \/>Internetauftritts, inklusive seiner Inhalte und der dort angebotenen<br \/>Leistungen, verarbeitet.<\/p>\n<p>Gem\u00e4\u00df Art. 4 Ziffer 1. der Verordnung (EU) 2016\/679, also der<br \/>Datenschutz-Grundverordnung (nachfolgend nur \u201eDSGVO\u201c genannt), gilt als<br \/>\u201eVerarbeitung\u201c jeder mit oder ohne Hilfe automatisierter Verfahren<br \/>ausgef\u00fchrter Vorgang oder jede solche Vorgangsreihe im Zusammenhang mit<br \/>personenbezogenen Daten, wie das Erheben, das Erfassen, die<br \/>Organisation, das Ordnen, die Speicherung, die Anpassung oder<br \/>Ver\u00e4nderung, das Auslesen, das Abfragen, die Verwendung, die Offenlegung<br \/>durch \u00dcbermittlung, Verbreitung oder eine andere Form der<br \/>Bereitstellung, den Abgleich oder die Verkn\u00fcpfung, die Einschr\u00e4nkung,<br \/>das L\u00f6schen oder die Vernichtung.<\/p>\n<p>Mit der nachfolgenden Datenschutzerkl\u00e4rung informieren wir Sie<br \/>insbesondere \u00fcber Art, Umfang, Zweck, Dauer und Rechtsgrundlage der<br \/>Verarbeitung personenbezogener Daten, soweit wir entweder allein oder<br \/>gemeinsam mit anderen \u00fcber die Zwecke und Mittel der Verarbeitung<br \/>entscheiden. Zudem informieren wir Sie nachfolgend \u00fcber die von uns zu<br \/>Optimierungszwecken sowie zur Steigerung der Nutzungsqualit\u00e4t<br \/>eingesetzten Fremdkomponenten, soweit hierdurch Dritte Daten in wiederum<br \/>eigener Verantwortung verarbeiten.<\/p>\n<h4>Unsere Datenschutzerkl\u00e4rung ist wie folgt gegliedert:<\/h4>\n<p>I. Informationen \u00fcber uns als Verantwortliche<br \/>II. Rechte der Nutzer und Betroffenen<br \/>III. Informationen zur Datenverarbeitung<\/p>\n<h4>I. Informationen \u00fcber uns als Verantwortliche<\/h4>\n<h4>Verantwortlicher Anbieter dieses Internetauftritts im datenschutzrechtlichen Sinne ist:<\/h4>\n<div>Michael Mahnsen<br \/>Maren Juels gate 2<br \/>7130 Brekstad<\/div>\n<div>\u00a0<\/div>\n<div>\u00a0II. Rechte der Nutzer und Betroffenen<br \/><br \/>Mit Blick auf die nachfolgend noch n\u00e4her beschriebene Datenverarbeitung haben die Nutzer und Betroffenen das Recht<br \/>auf Best\u00e4tigung, ob sie betreffende Daten verarbeitet werden, auf Auskunft \u00fcber die verarbeiteten Daten, auf weitere Informationen \u00fcber die Datenverarbeitung sowie auf Kopien der Daten (vgl. auch Art. 15 DSGVO);<br \/>auf Berichtigung oder Vervollst\u00e4ndigung unrichtiger bzw. unvollst\u00e4ndiger Daten (vgl. auch Art. 16 DSGVO);<br \/>auf unverz\u00fcgliche L\u00f6schung der sie betreffenden Daten (vgl. auch Art. 17 DSGVO), oder, alternativ, soweit eine weitere Verarbeitung gem\u00e4\u00df Art. 17 Abs. 3 DSGVO erforderlich ist, auf Einschr\u00e4nkung der Verarbeitung nach Ma\u00dfgabe von Art. 18 DSGVO;<br \/>auf Erhalt der sie betreffenden und von ihnen bereitgestellten Daten und auf \u00dcbermittlung dieser Daten an andere Anbieter\/Verantwortliche (vgl. auch Art. 20 DSGVO);<br \/>auf Beschwerde gegen\u00fcber der Aufsichtsbeh\u00f6rde, sofern sie der Ansicht sind, dass die sie betreffenden Daten durch den Anbieter unter Versto\u00df gegen datenschutzrechtliche Bestimmungen verarbeitet werden (vgl. auch Art. 77 DSGVO).<br \/><br \/>Dar\u00fcber hinaus ist der Anbieter dazu verpflichtet, alle Empf\u00e4nger, denen gegen\u00fcber Daten durch den Anbieter offengelegt worden sind, \u00fcber jedwede Berichtigung oder L\u00f6schung von Daten oder die Einschr\u00e4nkung der Verarbeitung, die aufgrund der Artikel 16, 17 Abs. 1, 18 DSGVO erfolgt, zu unterrichten. Diese Verpflichtung besteht jedoch nicht, soweit diese Mitteilung unm\u00f6glich oder mit einem unverh\u00e4ltnism\u00e4\u00dfigen Aufwand verbunden ist. Unbeschadet dessen hat der Nutzer ein Recht auf Auskunft \u00fcber diese Empf\u00e4nger.<br \/>III. Informationen zur Datenverarbeitung<br \/><br \/>Ihre bei Nutzung unseres Internetauftritts verarbeiteten Daten werden gel\u00f6scht oder gesperrt, sobald der Zweck der Speicherung entf\u00e4llt, der L\u00f6schung der Daten keine gesetzlichen Aufbewahrungspflichten entgegenstehen und nachfolgend keine anderslautenden Angaben zu einzelnen Verarbeitungsverfahren gemacht werden.<br \/><br \/>Ihre Daten werden gel\u00f6scht, sofern Ihre Anfrage abschlie\u00dfend beantwortet worden ist und der L\u00f6schung keine gesetzlichen Aufbewahrungspflichten entgegenstehen, wie bspw. bei einer sich etwaig anschlie\u00dfenden Vertragsabwicklung.<br \/>Serverdaten<br \/><br \/>Aus technischen Gr\u00fcnden, insbesondere zur Gew\u00e4hrleistung eines sicheren und stabilen Internetauftritts, werden Daten durch Ihren Internet-Browser an uns bzw. an unseren Webspace-Provider \u00fcbermittelt. Mit diesen sog. Server-Logfiles werden u.a. Typ und Version Ihres Internetbrowsers, das Betriebssystem, die Website, von der aus Sie auf unseren Internetauftritt gewechselt haben (Referrer URL), die Website(s) unseres Internetauftritts, die Sie besuchen, Datum und Uhrzeit des jeweiligen Zugriffs sowie die IP-Adresse des Internetanschlusses, von dem aus die Nutzung unseres Internetauftritts erfolgt, erhoben.<br \/><br \/>Diese so erhobenen Daten werden vorr\u00fcbergehend gespeichert, dies jedoch nicht gemeinsam mit anderen Daten von Ihnen.<br \/><br \/>Diese Speicherung erfolgt auf der Rechtsgrundlage von Art. 6 Abs. 1 lit. f) DSGVO. Unser berechtigtes Interesse liegt in der Verbesserung, Stabilit\u00e4t, Funktionalit\u00e4t und Sicherheit unseres Internetauftritts.<br \/><br \/>Die Daten werden sp\u00e4testens nach sieben Tage wieder gel\u00f6scht, soweit keine weitere Aufbewahrung zu Beweiszwecken erforderlich ist. Andernfalls sind die Daten bis zur endg\u00fcltigen Kl\u00e4rung eines Vorfalls ganz oder teilweise von der L\u00f6schung ausgenommen.<br \/>Hosting und Content Delivery Networks (CDN)<br \/><br \/>Externes Hosting Diese Website wird bei einem externen Dienstleister gehostet (Hoster). Die personenbezogenen Daten, die auf dieser Website erfasst werden, werden auf den Servern des Hosters gespeichert. Hierbei kann es sich v. a. um IP-Adressen, Kontaktanfragen, Meta- und Kommunikationsdaten, Vertragsdaten, Kontaktdaten, Namen, Websitezugriffe und sonstige Daten, die \u00fcber eine Website generiert werden, handeln.<br \/><br \/>Der Einsatz des Hosters erfolgt zum Zwecke der Vertragserf\u00fcllung gegen\u00fcber unseren potenziellen und bestehenden Kunden (Art. 6 Abs. 1 lit. b DSGVO) und im Interesse einer sicheren, schnellen und effizienten Bereitstellung unseres Online-Angebots durch einen professionellen Anbieter (Art. 6 Abs. 1 lit. f DSGVO).<br \/><br \/>Unser Hoster wird Ihre Daten nur insoweit verarbeiten, wie dies zur Erf\u00fcllung seiner Leistungspflichten erforderlich ist und unsere Weisungen in Bezug auf diese Daten befolgen.<br \/><br \/>Wir setzen folgenden Hoster ein:<br \/><br \/><\/div>\n<div>\n<p>IONOS SE<br \/>Elgendorfer Str. 57<br \/>56410 Montabaur<\/p>\n<p>\u00a0<\/p>\n<h4>SSL- bzw. TLS-Verschl\u00fcsselung<\/h4>\n<p>Diese Seite nutzt aus Sicherheitsgr\u00fcnden und zum Schutz der \u00dcbertragung vertraulicher Inhalte, wie zum Beispiel Bestellungen oder Anfragen, die Sie an uns als Seitenbetreiber senden, eine SSL- bzw. TLS-Verschl\u00fcsselung. Eine verschl\u00fcsselte Verbindung erkennen Sie daran, dass die Adresszeile des Browsers von \u201ehttp:\/\/\u201c auf \u201ehttps:\/\/\u201c wechselt und an dem Schloss-Symbol in Ihrer Browserzeile. <br \/>Wenn die SSL- bzw. TLS-Verschl\u00fcsselung aktiviert ist, k\u00f6nnen die Daten, die Sie an uns \u00fcbermitteln, nicht von Dritten mitgelesen werden.<\/p>\n<h4>FontAwesome<\/h4>\n<p>Um Schriften und visuelle Elemente unseres Internetauftritts darstellen zu k\u00f6nnen, setzen wir die externen Schriftarten von FontAwesome ein. Bei FontAwesome handelt es sich um einen Dienst der Fonticons Inc., 6 Porter Road, Apartment 3R, Cambridge, MA 02140, USA, nachfolgend nur \u201eFontAwesome\u201c genannt.<\/p>\n<p>Bei dem Aufruf unseres Internetauftritts wird eine Verbindung zum Server von FontAwesome in den USA aufgebaut, um so die Darstellung von Schriften und visuellen Elemente zu erm\u00f6glichen und zu aktualisieren.<\/p>\n<p>Rechtsgrundlage ist Art. 6 Abs. 1 lit. f) DSGVO. Unser berechtigtes Interesse liegt in der Optimierung und dem wirtschaftlichen Betrieb unseres Internetauftritts.<\/p>\n<p>Durch die bei Aufruf unseres Internetauftritts hergestellte Verbindung zum Server von FontAwesome kann FontAwesome ermitteln, von welcher Website Ihre Anfrage gesendet worden ist und an welche IP-Adresse die Darstellung der Schrift zu \u00fcbermitteln ist.<\/p>\n<p>FontAwesome bietet unter<br \/><b>https:\/\/fontawesome.com\/privacy<\/b><br \/><br \/>weitere Informationen an und zwar insbesondere zu den M\u00f6glichkeiten der Unterbindung der Datennutzung.<\/p>\n<h4>Anfrage per E-Mail, Telefon<\/h4>\n<p>Wenn Sie uns per E-Mail oder Telefon kontaktieren, wird Ihre Anfrage inklusive aller daraus hervorgehenden personenbezogenen Daten (Name, Anfrage) zum Zwecke der Bearbeitung Ihres Anliegens bei uns gespeichert und verarbeitet. Diese Daten geben wir nicht ohne Ihre Einwilligung weiter.<\/p>\n<p>Die Verarbeitung dieser Daten erfolgt auf Grundlage von Art. 6 Abs. 1 lit. b DSGVO, sofern Ihre Anfrage mit der Erf\u00fcllung eines Vertrags zusammenh\u00e4ngt oder zur Durchf\u00fchrung vorvertraglicher Ma\u00dfnahmen erforderlich ist. In allen \u00fcbrigen F\u00e4llen beruht die Verarbeitung auf unserem berechtigten Interesse an der effektiven Bearbeitung der an uns gerichteten Anfragen (Art. 6 Abs. 1 lit. f DSGVO) oder auf Ihrer Einwilligung (Art. 6 Abs. 1 lit. a DSGVO) sofern diese abgefragt wurde.<\/p>\n<p>Die von Ihnen an uns per Kontaktanfragen \u00fcbersandten Daten verbleiben bei uns, bis Sie uns zur L\u00f6schung auffordern, Ihre Einwilligung zur Speicherung widerrufen oder der Zweck f\u00fcr die Datenspeicherung entf\u00e4llt (z. B. nach abgeschlossener Bearbeitung Ihres Anliegens). Zwingende gesetzliche Bestimmungen \u2013 insbesondere gesetzliche Aufbewahrungsfristen \u2013 bleiben unber\u00fchrt.<\/p>\n<p>\u00a0<\/p>\n<p>\u00a0<\/p>\n<\/div>\n<p><span style=\"color: #ffffff;\"><\/span><\/p>\n<h2 class=\"wp-block-heading\"><span style=\"color: #ffffff;\">Kommentarer<\/span><\/h2>\n<p><span style=\"color: #ffffff;\"><\/span><\/p>\n<p><span style=\"color: #ffffff;\">N\u00e5r bes\u00f8kende skriver kommentarer p\u00e5 nettsiden, samler vi inn dataene som kommer inn i kommentarfeltene, samt IP-adressene til de bes\u00f8kende og Agent - User - String (slik at nettleseren blir identifisert), for \u00e5 forhindre spam.<\/span><\/p>\n<p><span style=\"color: #ffffff;\"><\/span><\/p>\n<p><span style=\"color: #ffffff;\">Aus deiner E-Mail-Adresse kann eine anonymisierte Zeichenfolge erstellt (auch Hash genannt) und dem Gravatar-Dienst \u00fcbergeben werden, um zu pr\u00fcfen, ob du diesen benutzt. Die Datenschutzerkl\u00e4rung des Gravatar-Dienstes findest du hier: https:\/\/automattic.com\/privacy\/. Nachdem dein Kommentar freigegeben wurde, ist dein Profilbild \u00f6ffentlich im Kontext deines Kommentars sichtbar.<\/span><\/p>\n<p><span style=\"color: #ffffff;\"><\/span><\/p>\n<h2 class=\"wp-block-heading\"><span style=\"color: #ffffff;\">Medien<\/span><\/h2>\n<p><span style=\"color: #ffffff;\"><\/span><\/p>\n<p><span style=\"color: #ffffff;\">Wenn du ein registrierter Benutzer bist und Fotos auf diese Website l\u00e4dst, solltest du vermeiden, Fotos mit einem EXIF-GPS-Standort hochzuladen. Besucher dieser Website k\u00f6nnten Fotos, die auf dieser Website gespeichert sind, herunterladen und deren Standort-Informationen extrahieren.<\/span><\/p>\n<p><span style=\"color: #ffffff;\"><\/span><\/p>\n<h2 class=\"wp-block-heading\"><span style=\"color: #ffffff;\">Cookies<\/span><\/h2>\n<p><span style=\"color: #ffffff;\"><\/span><\/p>\n<p><span style=\"color: #ffffff;\">Wenn du einen Kommentar auf unserer Website schreibst, kann das eine Einwilligung sein, deinen Namen, E-Mail-Adresse und Website in Cookies zu speichern. Dies ist eine Komfortfunktion, damit du nicht, wenn du einen weiteren Kommentar schreibst, all diese Daten erneut eingeben musst. Diese Cookies werden ein Jahr lang gespeichert.<\/span><\/p>\n<p><span style=\"color: #ffffff;\"><\/span><\/p>\n<p><span style=\"color: #ffffff;\">Falls du ein Konto hast und dich auf dieser Website anmeldest, werden wir ein tempor\u00e4res Cookie setzen, um festzustellen, ob dein Browser Cookies akzeptiert. Dieses Cookie enth\u00e4lt keine personenbezogenen Daten und wird verworfen, wenn du deinen Browser schlie\u00dft.<\/span><\/p>\n<p><span style=\"color: #ffffff;\"><\/span><\/p>\n<p><span style=\"color: #ffffff;\">Wenn du dich anmeldest, werden wir einige Cookies einrichten, um deine Anmeldeinformationen und Anzeigeoptionen zu speichern. Anmelde-Cookies verfallen nach zwei Tagen und Cookies f\u00fcr die Anzeigeoptionen nach einem Jahr. Falls du bei der Anmeldung \u201eAngemeldet bleiben\u201c ausw\u00e4hlst, wird deine Anmeldung zwei Wochen lang aufrechterhalten. Mit der Abmeldung aus deinem Konto werden die Anmelde-Cookies gel\u00f6scht.<\/span><\/p>\n<p><span style=\"color: #ffffff;\"><\/span><\/p>\n<p><span style=\"color: #ffffff;\">Wenn du einen Artikel bearbeitest oder ver\u00f6ffentlichst, wird ein zus\u00e4tzlicher Cookie in deinem Browser gespeichert. Dieser Cookie enth\u00e4lt keine personenbezogenen Daten und verweist nur auf die Beitrags-ID des Artikels, den du gerade bearbeitet hast. Der Cookie verf\u00e4llt nach einem Tag.<\/span><\/p>\n<p><span style=\"color: #ffffff;\"><\/span><\/p>\n<h2 class=\"wp-block-heading\"><span style=\"color: #ffffff;\">Eingebettete Inhalte von anderen Websites<\/span><\/h2>\n<p><span style=\"color: #ffffff;\"><\/span><\/p>\n<p><span style=\"color: #ffffff;\">Beitr\u00e4ge auf dieser Website k\u00f6nnen eingebettete Inhalte beinhalten (z.\u00a0B. Videos, Bilder, Beitr\u00e4ge etc.). Eingebettete Inhalte von anderen Websites verhalten sich exakt so, als ob der Besucher die andere Website besucht h\u00e4tte.<\/span><\/p>\n<p><span style=\"color: #ffffff;\"><\/span><\/p>\n<p><span style=\"color: #ffffff;\">Diese Websites k\u00f6nnen Daten \u00fcber dich sammeln, Cookies benutzen, zus\u00e4tzliche Tracking-Dienste von Dritten einbetten und deine Interaktion mit diesem eingebetteten Inhalt aufzeichnen, inklusive deiner Interaktion mit dem eingebetteten Inhalt, falls du ein Konto hast und auf dieser Website angemeldet bist.<\/span><\/p>\n<p><span style=\"color: #ffffff;\"><\/span><\/p>\n<h2 class=\"wp-block-heading\"><span style=\"color: #ffffff;\">Mit wem wir deine Daten teilen<\/span><\/h2>\n<p><span style=\"color: #ffffff;\"><\/span><\/p>\n<p><span style=\"color: #ffffff;\">Wenn du eine Zur\u00fccksetzung des Passworts beantragst, wird deine IP-Adresse in der E-Mail zur Zur\u00fccksetzung enthalten sein.<\/span><\/p>\n<p><span style=\"color: #ffffff;\"><\/span><\/p>\n<h2 class=\"wp-block-heading\"><span style=\"color: #ffffff;\">Wie lange wir deine Daten speichern<\/span><\/h2>\n<p><span style=\"color: #ffffff;\"><\/span><\/p>\n<p><span style=\"color: #ffffff;\">Wenn du einen Kommentar schreibst, wird dieser inklusive Metadaten zeitlich unbegrenzt gespeichert. Auf diese Art k\u00f6nnen wir Folgekommentare automatisch erkennen und freigeben, anstatt sie in einer Moderations-Warteschlange festzuhalten.<\/span><\/p>\n<p><span style=\"color: #ffffff;\"><\/span><\/p>\n<p><span style=\"color: #ffffff;\">F\u00fcr Benutzer, die sich auf unserer Website registrieren, speichern wir zus\u00e4tzlich die pers\u00f6nlichen Informationen, die sie in ihren Benutzerprofilen angeben. Alle Benutzer k\u00f6nnen jederzeit ihre pers\u00f6nlichen Informationen einsehen, ver\u00e4ndern oder l\u00f6schen (der Benutzername kann nicht ver\u00e4ndert werden). Administratoren der Website k\u00f6nnen diese Informationen ebenfalls einsehen und ver\u00e4ndern.<\/span><\/p>\n<p><span style=\"color: #ffffff;\"><\/span><\/p>\n<h2 class=\"wp-block-heading\"><span style=\"color: #ffffff;\">Welche Rechte du an deinen Daten hast<\/span><\/h2>\n<p><span style=\"color: #ffffff;\"><\/span><\/p>\n<p><span style=\"color: #ffffff;\">Wenn du ein Konto auf dieser Website besitzt oder Kommentare geschrieben hast, kannst du einen Export deiner personenbezogenen Daten bei uns anfordern, inklusive aller Daten, die du uns mitgeteilt hast. Dar\u00fcber hinaus kannst du die L\u00f6schung aller personenbezogenen Daten, die wir von dir gespeichert haben, anfordern. Dies umfasst nicht die Daten, die wir aufgrund administrativer, rechtlicher oder sicherheitsrelevanter Notwendigkeiten aufbewahren m\u00fcssen.<\/span><\/p>\n<p><span style=\"color: #ffffff;\"><\/span><\/p>\n<h2 class=\"wp-block-heading\"><span style=\"color: #ffffff;\">Wohin wir deine Daten senden<\/span><\/h2>\n<p><span style=\"color: #ffffff;\"><\/span><\/p>\n<p><span style=\"color: #ffffff;\">Besucher-Kommentare k\u00f6nnten von einem automatisierten Dienst zur Spam-Erkennung untersucht werden.<\/span><\/p>\n<p><span style=\"color: #ffffff;\"><\/span><\/p>\t\t\t\t\t\t\t\t<\/div>\n\t\t\t\t<\/div>\n\t\t\t\t\t<\/div>\n\t\t<\/div>\n\t\t\t\t\t<\/div>\n\t\t<\/section>\n\t\t\t\t<\/div>","protected":false},"excerpt":{"rendered":"<p>Datenschutzerkl\u00e4rung Personenbezogene Daten (nachfolgend zumeist nur \u201eDaten\u201c genannt)werden von uns nur im Rahmen der Erforderlichkeit sowie zum Zwecke derBereitstellung eines funktionsf\u00e4higen und nutzerfreundlichenInternetauftritts, inklusive seiner Inhalte und der dort angebotenenLeistungen, verarbeitet. Gem\u00e4\u00df Art. 4 Ziffer 1. der Verordnung (EU) 2016\/679, also derDatenschutz-Grundverordnung (nachfolgend nur \u201eDSGVO\u201c genannt), gilt als\u201eVerarbeitung\u201c jeder mit oder ohne Hilfe automatisierter Verfahrenausgef\u00fchrter [&hellip;]<\/p>","protected":false},"author":1,"featured_media":0,"parent":0,"menu_order":0,"comment_status":"closed","ping_status":"open","template":"","meta":{"footnotes":""},"class_list":["post-3","page","type-page","status-publish","hentry"],"yoast_head":"<!-- This site is optimized with the Yoast SEO plugin v25.9 - https:\/\/yoast.com\/wordpress\/plugins\/seo\/ -->\n<title>Datenschutzerkl\u00e4rung - Klimaskog<\/title>\n<meta name=\"robots\" content=\"index, follow, max-snippet:-1, max-image-preview:large, max-video-preview:-1\" \/>\n<link rel=\"canonical\" href=\"https:\/\/klimaskog.com\/nb\/datenschutzerklaerung\/\" \/>\n<meta property=\"og:locale\" content=\"nb_NO\" \/>\n<meta property=\"og:type\" content=\"article\" \/>\n<meta property=\"og:title\" content=\"Datenschutzerkl\u00e4rung - Klimaskog\" \/>\n<meta property=\"og:description\" content=\"Datenschutzerkl\u00e4rung Personenbezogene Daten (nachfolgend zumeist nur \u201eDaten\u201c genannt)werden von uns nur im Rahmen der Erforderlichkeit sowie zum Zwecke derBereitstellung eines funktionsf\u00e4higen und nutzerfreundlichenInternetauftritts, inklusive seiner Inhalte und der dort angebotenenLeistungen, verarbeitet. Gem\u00e4\u00df Art. 4 Ziffer 1. der Verordnung (EU) 2016\/679, also derDatenschutz-Grundverordnung (nachfolgend nur \u201eDSGVO\u201c genannt), gilt als\u201eVerarbeitung\u201c jeder mit oder ohne Hilfe automatisierter Verfahrenausgef\u00fchrter [&hellip;]\" \/>\n<meta property=\"og:url\" content=\"https:\/\/klimaskog.com\/nb\/datenschutzerklaerung\/\" \/>\n<meta property=\"og:site_name\" content=\"Klimaskog\" \/>\n<meta property=\"article:publisher\" content=\"https:\/\/www.facebook.com\/Klimawald-109698464735068\" \/>\n<meta property=\"article:modified_time\" content=\"2024-12-09T13:25:19+00:00\" \/>\n<meta name=\"twitter:card\" content=\"summary_large_image\" \/>\n<meta name=\"twitter:label1\" content=\"Ansl. lesetid\" \/>\n\t<meta name=\"twitter:data1\" content=\"10 minutter\" \/>\n<script type=\"application\/ld+json\" class=\"yoast-schema-graph\">{\"@context\":\"https:\/\/schema.org\",\"@graph\":[{\"@type\":\"WebPage\",\"@id\":\"https:\/\/klimaskog.com\/datenschutzerklaerung\/\",\"url\":\"https:\/\/klimaskog.com\/datenschutzerklaerung\/\",\"name\":\"Datenschutzerkl\u00e4rung - Klimaskog\",\"isPartOf\":{\"@id\":\"https:\/\/klimaskog.com\/#website\"},\"datePublished\":\"2021-04-26T08:53:16+00:00\",\"dateModified\":\"2024-12-09T13:25:19+00:00\",\"breadcrumb\":{\"@id\":\"https:\/\/klimaskog.com\/datenschutzerklaerung\/#breadcrumb\"},\"inLanguage\":\"nb-NO\",\"potentialAction\":[{\"@type\":\"ReadAction\",\"target\":[\"https:\/\/klimaskog.com\/datenschutzerklaerung\/\"]}]},{\"@type\":\"BreadcrumbList\",\"@id\":\"https:\/\/klimaskog.com\/datenschutzerklaerung\/#breadcrumb\",\"itemListElement\":[{\"@type\":\"ListItem\",\"position\":1,\"name\":\"Startseite\",\"item\":\"https:\/\/klimaskog.com\/\"},{\"@type\":\"ListItem\",\"position\":2,\"name\":\"Datenschutzerkl\u00e4rung\"}]},{\"@type\":\"WebSite\",\"@id\":\"https:\/\/klimaskog.com\/#website\",\"url\":\"https:\/\/klimaskog.com\/\",\"name\":\"Klimaskog\",\"description\":\"Klima- und Artenschutz. Klimaw\u00e4lder f\u00fcr kommende Generationen sch\u00fctzen.\",\"potentialAction\":[{\"@type\":\"SearchAction\",\"target\":{\"@type\":\"EntryPoint\",\"urlTemplate\":\"https:\/\/klimaskog.com\/?s={search_term_string}\"},\"query-input\":{\"@type\":\"PropertyValueSpecification\",\"valueRequired\":true,\"valueName\":\"search_term_string\"}}],\"inLanguage\":\"nb-NO\"}]}<\/script>\n<!-- \/ Yoast SEO plugin. -->","yoast_head_json":{"title":"Datenschutzerkl\u00e4rung - Klimaskog","robots":{"index":"index","follow":"follow","max-snippet":"max-snippet:-1","max-image-preview":"max-image-preview:large","max-video-preview":"max-video-preview:-1"},"canonical":"https:\/\/klimaskog.com\/nb\/datenschutzerklaerung\/","og_locale":"nb_NO","og_type":"article","og_title":"Datenschutzerkl\u00e4rung - Klimaskog","og_description":"Datenschutzerkl\u00e4rung Personenbezogene Daten (nachfolgend zumeist nur \u201eDaten\u201c genannt)werden von uns nur im Rahmen der Erforderlichkeit sowie zum Zwecke derBereitstellung eines funktionsf\u00e4higen und nutzerfreundlichenInternetauftritts, inklusive seiner Inhalte und der dort angebotenenLeistungen, verarbeitet. Gem\u00e4\u00df Art. 4 Ziffer 1. der Verordnung (EU) 2016\/679, also derDatenschutz-Grundverordnung (nachfolgend nur \u201eDSGVO\u201c genannt), gilt als\u201eVerarbeitung\u201c jeder mit oder ohne Hilfe automatisierter Verfahrenausgef\u00fchrter [&hellip;]","og_url":"https:\/\/klimaskog.com\/nb\/datenschutzerklaerung\/","og_site_name":"Klimaskog","article_publisher":"https:\/\/www.facebook.com\/Klimawald-109698464735068","article_modified_time":"2024-12-09T13:25:19+00:00","twitter_card":"summary_large_image","twitter_misc":{"Ansl. lesetid":"10 minutter"},"schema":{"@context":"https:\/\/schema.org","@graph":[{"@type":"WebPage","@id":"https:\/\/klimaskog.com\/datenschutzerklaerung\/","url":"https:\/\/klimaskog.com\/datenschutzerklaerung\/","name":"Datenschutzerkl\u00e4rung - Klimaskog","isPartOf":{"@id":"https:\/\/klimaskog.com\/#website"},"datePublished":"2021-04-26T08:53:16+00:00","dateModified":"2024-12-09T13:25:19+00:00","breadcrumb":{"@id":"https:\/\/klimaskog.com\/datenschutzerklaerung\/#breadcrumb"},"inLanguage":"nb-NO","potentialAction":[{"@type":"ReadAction","target":["https:\/\/klimaskog.com\/datenschutzerklaerung\/"]}]},{"@type":"BreadcrumbList","@id":"https:\/\/klimaskog.com\/datenschutzerklaerung\/#breadcrumb","itemListElement":[{"@type":"ListItem","position":1,"name":"Startseite","item":"https:\/\/klimaskog.com\/"},{"@type":"ListItem","position":2,"name":"Datenschutzerkl\u00e4rung"}]},{"@type":"WebSite","@id":"https:\/\/klimaskog.com\/#website","url":"https:\/\/klimaskog.com\/","name":"Klimaskog","description":"Klima- und Artenschutz. Klimaw\u00e4lder f\u00fcr kommende Generationen sch\u00fctzen.","potentialAction":[{"@type":"SearchAction","target":{"@type":"EntryPoint","urlTemplate":"https:\/\/klimaskog.com\/?s={search_term_string}"},"query-input":{"@type":"PropertyValueSpecification","valueRequired":true,"valueName":"search_term_string"}}],"inLanguage":"nb-NO"}]}},"_links":{"self":[{"href":"https:\/\/klimaskog.com\/nb\/wp-json\/wp\/v2\/pages\/3","targetHints":{"allow":["GET"]}}],"collection":[{"href":"https:\/\/klimaskog.com\/nb\/wp-json\/wp\/v2\/pages"}],"about":[{"href":"https:\/\/klimaskog.com\/nb\/wp-json\/wp\/v2\/types\/page"}],"author":[{"embeddable":true,"href":"https:\/\/klimaskog.com\/nb\/wp-json\/wp\/v2\/users\/1"}],"replies":[{"embeddable":true,"href":"https:\/\/klimaskog.com\/nb\/wp-json\/wp\/v2\/comments?post=3"}],"version-history":[{"count":19,"href":"https:\/\/klimaskog.com\/nb\/wp-json\/wp\/v2\/pages\/3\/revisions"}],"predecessor-version":[{"id":3382,"href":"https:\/\/klimaskog.com\/nb\/wp-json\/wp\/v2\/pages\/3\/revisions\/3382"}],"wp:attachment":[{"href":"https:\/\/klimaskog.com\/nb\/wp-json\/wp\/v2\/media?parent=3"}],"curies":[{"name":"wp","href":"https:\/\/api.w.org\/{rel}","templated":true}]}}